{"id":13,"date":"2017-11-30T18:51:52","date_gmt":"2017-11-30T18:51:52","guid":{"rendered":"http:\/\/www.mcmyclinic.com\/blog\/?page_id=13"},"modified":"2018-01-30T17:36:11","modified_gmt":"2018-01-30T16:36:11","slug":"noticiasmyclinic","status":"publish","type":"page","link":"https:\/\/mcmyclinic.com\/blog\/noticiasmyclinic\/","title":{"rendered":"Noticias Myclinic"},"content":{"rendered":"<p>En Myclinic, nos gusta mantenernos al d\u00eda de todas las novedades y avances en el campo de la medicina est\u00e9tica.<\/p>\n<h3>Ya puedes decir adi\u00f3s a la celulitis<\/h3>\n<hr \/>\n<p>Nuevo programa PnKCelulitis de PronoKal Group<br \/>\nATENCI\u00d3N M\u00c9DICA PERSONALIZADA EN<a href=\"http:\/\/www.mcmyclinic.com\/contacto.html\" target=\"_blank\" rel=\"noopener\"><em><span style=\"color: #333333;\"> MYCLINIC<\/span><\/em><\/a><strong><br \/>\n<\/strong><strong>\u00bfSab\u00edas que\u2026 la celulitis es un problema que afecta entre el 85 y el 98% de las mujeres?<\/strong><\/p>\n<p><a href=\"https:\/\/mcmyclinic.com\/blog\/wp-content\/uploads\/2018\/01\/celulitis.pdf\" target=\"_blank\" rel=\"noopener\"><img decoding=\"async\" loading=\"lazy\" class=\"alignleft wp-image-111 size-medium\" src=\"https:\/\/mcmyclinic.com\/blog\/wp-content\/uploads\/2018\/01\/celulitis-pdf-212x300.jpg\" alt=\"\" width=\"212\" height=\"300\" \/><\/a><\/p>\n<p>&nbsp;<\/p>\n<p>La celulitis es una desestructuraci\u00f3n del tejido graso subcut\u00e1neo que provoca <strong>alteraciones de la forma corporal\u00a0<\/strong><strong>y la apariencia de la piel<\/strong> en zonas localizadas, principalmente en muslos, abdomen, caderas y brazos.<\/p>\n<p><strong>Factores determinantes en la creaci\u00f3n y aparici\u00f3n de la celulitis localizada:<\/strong><\/p>\n<p>Una dieta inadecuada, la poca actividad f\u00edsica y los factores gen\u00e9ticos, pueden ser las causas principales de la aparici\u00f3n de la celulitis localizada.<\/p>\n<p>&nbsp;<\/p>\n<p>&nbsp;<\/p>\n<p>&nbsp;<\/p>\n<p><strong>PnKCelulitis. Un nuevo programa m\u00e9dico de corta duraci\u00f3n que revierte el proceso de creaci\u00f3n de la misma.<\/strong><\/p>\n<p><a href=\"https:\/\/mcmyclinic.com\/blog\/wp-content\/uploads\/2018\/01\/celulitis2.pdf\" target=\"_blank\" rel=\"noopener\"><img decoding=\"async\" loading=\"lazy\" class=\"alignright wp-image-112 size-medium\" src=\"https:\/\/mcmyclinic.com\/blog\/wp-content\/uploads\/2018\/01\/celulitis2-pdf-212x300.jpg\" alt=\"\" width=\"212\" height=\"300\" \/><\/a><\/p>\n<p>Con esta innovadora metodolog\u00eda conseguir\u00e1s revertir el proceso, consiguiendo combatir la celulitis, mejorar su aspecto, tonificar la zona\u00a0 afectada y drenar de manera eficaz evitando su reaparici\u00f3n.<\/p>\n<p><strong>Integral y con apoyo multidisciplinar<\/strong><\/p>\n<ul>\n<li>De manera f\u00e1cil y de corta duraci\u00f3n.<\/li>\n<li>Personalizado a cada paciente.<\/li>\n<li>En 4 procesos pautados y que se adaptan a tu d\u00eda a d\u00eda.<\/li>\n<li>Bajo control m\u00e9dico.<\/li>\n<\/ul>\n<p>El programa PnKCelulitis integra el control m\u00e9dico, nutrici\u00f3n d\u00e9tox, actividad f\u00edsica espec\u00edfica y productos pensados para combatir de manera eficaz y r\u00e1pida la celulitis localizada y la flacidez muscular.<\/p>\n<p>En esta consulta evaluaremos tu grado de celulitis localizada y te pautaremos de manera personalizada el tratamiento.<\/p>\n<ul>\n<li>En tan solo 4 procesos (reestructuraci\u00f3n, drenaje, tonificaci\u00f3n y mantenimiento)<\/li>\n<li>personalizado para cada grado de la celulitis. <a href=\"http:\/\/www.mcmyclinic.com\/contacto.html\" target=\"_blank\" rel=\"noopener\">Cons\u00faltanos<\/a>.<\/li>\n<\/ul>\n<p style=\"text-align: center;\"><strong>El Programa PnKCelulitis ahora ya disponible en\u00a0<\/strong><\/p>\n<p><a href=\"http:\/\/www.mcmyclinic.com\/\" target=\"_blank\" rel=\"noopener\"><img decoding=\"async\" loading=\"lazy\" class=\"aligncenter wp-image-33 size-full\" src=\"https:\/\/mcmyclinic.com\/blog\/wp-content\/uploads\/2017\/12\/logoWP.png\" alt=\"MYCLINIC\" width=\"296\" height=\"156\" \/><\/a><\/p>\n<p style=\"text-align: center;\"><strong>Tratamiento m\u00e9dico para combatir la celulitis y la flacidez muscular de manera integral<br \/>\n<\/strong>Pide cita al tlf: (+34) 633 442 247<\/p>\n<p>Referencias en:\u00a0 <a href=\"http:\/\/www.pnkcelulitis.com\" target=\"_blank\" rel=\"noopener\">www.pnkcelulitis.com<\/a><\/p>\n<p>&nbsp;<\/p>\n<h3>\u00a1Bienvenidos!<\/h3>\n<hr \/>\n<h5><img decoding=\"async\" loading=\"lazy\" class=\"size-medium wp-image-105 alignleft\" src=\"https:\/\/mcmyclinic.com\/blog\/wp-content\/uploads\/2018\/01\/wordpress1-300x187.png\" alt=\"\" width=\"300\" height=\"187\" srcset=\"https:\/\/mcmyclinic.com\/blog\/wp-content\/uploads\/2018\/01\/wordpress1-300x187.png 300w, https:\/\/mcmyclinic.com\/blog\/wp-content\/uploads\/2018\/01\/wordpress1.png 720w\" sizes=\"(max-width: 300px) 100vw, 300px\" \/><span style=\"color: #000000;\"><br \/>\n\u00a1La familia <em>Myclinic<\/em> quiere daros la bienvenida a su nuevo blog!<\/span><\/h5>\n<p><span style=\"color: #333333;\">En \u00e9l publicaremos todas las novedades relacionadas con la medicina est\u00e9tica y con los servicios de nuestra cl\u00ednica. S\u00edguenos en las redes y mantente al d\u00eda de nuestros eventos y promociones. Y, adem\u00e1s, si ya eres cliente, \u00a1comparte con los dem\u00e1s usuarios c\u00f3mo ha sido tu experiencia y ay\u00fadanos a mejorar!<\/span><\/p>\n<p>&nbsp;<\/p>\n","protected":false},"excerpt":{"rendered":"<p>En Myclinic, nos gusta mantenernos al d\u00eda de todas las novedades y avances en el campo de la medicina est\u00e9tica. Ya puedes decir adi\u00f3s a la celulitis Nuevo programa PnKCelulitis de PronoKal Group ATENCI\u00d3N M\u00c9DICA PERSONALIZADA EN MYCLINIC \u00bfSab\u00edas que\u2026&#8230;<\/p>\n","protected":false},"author":2,"featured_media":0,"parent":0,"menu_order":0,"comment_status":"closed","ping_status":"closed","template":"","meta":[],"_links":{"self":[{"href":"https:\/\/mcmyclinic.com\/blog\/wp-json\/wp\/v2\/pages\/13"}],"collection":[{"href":"https:\/\/mcmyclinic.com\/blog\/wp-json\/wp\/v2\/pages"}],"about":[{"href":"https:\/\/mcmyclinic.com\/blog\/wp-json\/wp\/v2\/types\/page"}],"author":[{"embeddable":true,"href":"https:\/\/mcmyclinic.com\/blog\/wp-json\/wp\/v2\/users\/2"}],"replies":[{"embeddable":true,"href":"https:\/\/mcmyclinic.com\/blog\/wp-json\/wp\/v2\/comments?post=13"}],"version-history":[{"count":8,"href":"https:\/\/mcmyclinic.com\/blog\/wp-json\/wp\/v2\/pages\/13\/revisions"}],"predecessor-version":[{"id":161,"href":"https:\/\/mcmyclinic.com\/blog\/wp-json\/wp\/v2\/pages\/13\/revisions\/161"}],"wp:attachment":[{"href":"https:\/\/mcmyclinic.com\/blog\/wp-json\/wp\/v2\/media?parent=13"}],"curies":[{"name":"wp","href":"https:\/\/api.w.org\/{rel}","templated":true}]}}